{"id":160,"date":"2018-11-08T16:44:30","date_gmt":"2018-11-08T15:44:30","guid":{"rendered":"https:\/\/www.vecom-group.com\/nl-nl\/?page_id=160"},"modified":"2021-09-06T16:16:00","modified_gmt":"2021-09-06T14:16:00","slug":"verwerken-van-anorganische-afvalwaterstromen","status":"publish","type":"page","link":"https:\/\/www.vecom-group.com\/nl-nl\/verwerken-van-anorganische-afvalwaterstromen\/","title":{"rendered":"Afvalwaterverwerking"},"content":{"rendered":"<div id=\"pl-160\"  class=\"panel-layout\" ><div id=\"pg-160-0\"  class=\"panel-grid panel-no-style\" ><div id=\"pgc-160-0-0\"  class=\"panel-grid-cell\" ><div id=\"panel-160-0-0-0\" class=\"so-panel widget widget_sow-editor panel-first-child panel-last-child\" data-index=\"0\" ><div\n\t\t\t\n\t\t\tclass=\"so-widget-sow-editor so-widget-sow-editor-base\"\n\t\t\t\n\t\t>\n<div class=\"siteorigin-widget-tinymce textwidget\">\n\t<h2>Inzameling en verwerking van anorganische afvalwaterstromen<\/h2>\n<p>Vecom is vergund op te treden als inzamelaar en verwerker van diverse metaalhoudende zuren en basen, afvalwater, spoelwater, beitsbaden etc.<\/p>\n<h2>Industrie\u00ebn met anorganische afvalwaterstromen<\/h2>\n<p>De afvalwaterstromen die Vecom verwerkt zijn afkomstig van diverse industrie\u00ebn, zoals galvanische, oppervlaktebehandeling, chemische, industri\u00eble reiniging en inzamelaars van gevaarlijk afval.<\/p>\n<p>Hieronder staan voorbeelden van een aantal afvalwaterstromen.<\/p>\n<\/div>\n<\/div><\/div><\/div><\/div><div id=\"pg-160-1\"  class=\"panel-grid panel-no-style\" ><div id=\"pgc-160-1-0\"  class=\"panel-grid-cell\" ><div id=\"panel-160-1-0-0\" class=\"so-panel widget widget_sow-editor panel-first-child panel-last-child\" data-index=\"1\" ><div\n\t\t\t\n\t\t\tclass=\"so-widget-sow-editor so-widget-sow-editor-base\"\n\t\t\t\n\t\t>\n<div class=\"siteorigin-widget-tinymce textwidget\">\n\t<h3>Beitsvloeistof<\/h3>\n<p>Als het beitsbad is uitgewerkt, zal de beitsvloeistof moeten worden afgevoerd en vervangen. Ook hier geldt dat een vergunninghouder zoals Vecom kan zorgdragen voor het verwerken van onder andere beitszuren en kan zorgdragen voor de afvoer en vernietiging van uitgewerkte beitsbaden.<\/p>\n<p>Meestal vindt de afvoer van de verzadigde beitsvloeistof en de levering van nieuwe beitsvloeistof in \u00e9\u00e9n handeling plaats. Hierdoor kunnen transportkosten gereduceerd worden en wordt alle handling van chemicali\u00ebn uit handen genomen. Uiteraard wordt ook gezorgd voor de wettelijk verplichte administratie betreffende het afval.<\/p>\n<\/div>\n<\/div><\/div><\/div><div id=\"pgc-160-1-1\"  class=\"panel-grid-cell\" ><div id=\"panel-160-1-1-0\" class=\"so-panel widget widget_sow-editor panel-first-child panel-last-child\" data-index=\"2\" ><div\n\t\t\t\n\t\t\tclass=\"so-widget-sow-editor so-widget-sow-editor-base\"\n\t\t\t\n\t\t>\n<div class=\"siteorigin-widget-tinymce textwidget\">\n\t<h3>Spoelwater<\/h3>\n<p>Na het beitsen van roestvast staal dient het behandelde oppervlak afgespoten te worden met water. Dit spoelwater bevat een (geringe) hoeveelheid beitszuur en opgeloste metalen, zoals ijzer, chroom en nikkel. Dit spoelwater voldoet niet aan de lozingseisen en mag niet zomaar op een gemeenteriool of oppervlaktewater worden geloosd omdat:<\/p>\n<ul>\n<li>De pH van het afvalwater te laag is (zuur);<\/li>\n<li>Het afvalwater fluoride bevat, afkomstig van fluorwaterstofzuur;<\/li>\n<li>Het afvalwater naast ijzer o.a. de zware metalen chroom en nikkel bevat.<\/li>\n<\/ul>\n<div class=\"text-center\"><a target=\"_self\" class=\"btn btn-primary btn--theme0\" href=\"https:\/\/www.vecom-group.com\/nl-nl\/on-site-diensten\/afvalwatermanagement\/\">Zo kan het ook<\/a><\/div>\n<\/div>\n<\/div><\/div><\/div><\/div><div id=\"pg-160-2\"  class=\"panel-grid panel-has-style\" ><div class=\"so-parallax siteorigin-panels-stretch panel-row-style panel-row-style-for-160-2\" data-stretch-type=\"full\" ><img fetchpriority=\"high\" decoding=\"async\" width=\"1600\" height=\"1067\" src=\"https:\/\/www.vecom-group.com\/nl-nl\/wp-content\/uploads\/sites\/2\/2019\/02\/waste-water-treatment1.jpg\" class=\"attachment-full size-full\" alt=\"\" data-siteorigin-parallax=\"true\" loading=\"eager\" srcset=\"https:\/\/www.vecom-group.com\/nl-nl\/wp-content\/uploads\/sites\/2\/2019\/02\/waste-water-treatment1.jpg 1600w, https:\/\/www.vecom-group.com\/nl-nl\/wp-content\/uploads\/sites\/2\/2019\/02\/waste-water-treatment1-300x200.jpg 300w, https:\/\/www.vecom-group.com\/nl-nl\/wp-content\/uploads\/sites\/2\/2019\/02\/waste-water-treatment1-768x512.jpg 768w, https:\/\/www.vecom-group.com\/nl-nl\/wp-content\/uploads\/sites\/2\/2019\/02\/waste-water-treatment1-1024x683.jpg 1024w, https:\/\/www.vecom-group.com\/nl-nl\/wp-content\/uploads\/sites\/2\/2019\/02\/waste-water-treatment1-1200x800.jpg 1200w, https:\/\/www.vecom-group.com\/nl-nl\/wp-content\/uploads\/sites\/2\/2019\/02\/waste-water-treatment1-640x427.jpg 640w\" sizes=\"(max-width: 1600px) 100vw, 1600px\" \/><div id=\"pgc-160-2-0\"  class=\"panel-grid-cell panel-grid-cell-empty\" ><\/div><\/div><\/div><div id=\"pg-160-3\"  class=\"panel-grid panel-no-style\" ><div id=\"pgc-160-3-0\"  class=\"panel-grid-cell\" ><div id=\"panel-160-3-0-0\" class=\"so-panel widget widget_sow-editor panel-first-child panel-last-child\" data-index=\"3\" ><div\n\t\t\t\n\t\t\tclass=\"so-widget-sow-editor so-widget-sow-editor-base\"\n\t\t\t\n\t\t>\n<div class=\"siteorigin-widget-tinymce textwidget\">\n\t<h2>De ONO installatie van Vecom<\/h2>\n<p>Vecom zorgt voor de afvalwaterbehandeling van klanten en derden, zowel in klein- als grootverpakking, met behulp van de ONO-installatie.<\/p>\n<p>Door bij de verwerking van ingezamelde afvalwaterstromen zoveel mogelijk gebruik te maken van het waste to waste principe wordt het verbruik van nieuwe hulpstoffen zoveel mogelijk beperkt. Vecom is gecertificeerd op basis van ISO 9001 en ISO 14001.<\/p>\n<h3>De werking van de ONO installatie<\/h3>\n<p>ONO staat voor de drie stappen in het proces<\/p>\n<ol>\n<li>Ontgifting<\/li>\n<li>Neutralisatie<\/li>\n<li>Ontwatering<\/li>\n<\/ol>\n<p style=\"text-align: left;\">Na het samenstellen van de te behandelen batch (gebruik makende van het waste-to-waste principe) wordt deze batch behandeld met kalkmelk tot een pH waarbij de aanwezige metalen zich binden tot een vaste stof; metaalhydroxide. Om tot een goede afscheiding van vloeistof en vaste stof te komen, kunnen filterhulpmiddelen worden toegevoegd. Vervolgens worden de vloeistof en de vaste stof (metaalhydroxiden) met een kamerfilterpers van elkaar gescheiden. Na controle op het voldoen aan de lozingseisen wordt de vloeistof geloosd op de riolering. De vaste stof (metaalhydroxideslib) wordt gebruikt bij de productie van cement.<\/p>\n<\/div>\n<\/div><\/div><\/div><\/div><\/div>","protected":false},"excerpt":{"rendered":"<p>Inzameling en verwerking van anorganische afvalwaterstromen Vecom is vergund op te treden als inzamelaar en verwerker van diverse metaalhoudende zuren en basen, afvalwater, spoelwater, beitsbaden etc. Industrie\u00ebn met anorganische afvalwaterstromen De afvalwaterstromen die Vecom verwerkt zijn afkomstig van diverse industrie\u00ebn, zoals galvanische, oppervlaktebehandeling, chemische, industri\u00eble reiniging en inzamelaars van gevaarlijk afval. Hieronder staan voorbeelden van [&hellip;]<\/p>\n","protected":false},"author":2,"featured_media":641,"parent":0,"menu_order":0,"comment_status":"closed","ping_status":"closed","template":"templates\/service-page.php","meta":{"_acf_changed":false,"footnotes":""},"class_list":["post-160","page","type-page","status-publish","has-post-thumbnail","hentry"],"acf":[],"yoast_head":"<!-- This site is optimized with the Yoast SEO plugin v27.4 - https:\/\/yoast.com\/product\/yoast-seo-wordpress\/ -->\n<title>Afvalwaterverwerking | Vecom Group<\/title>\n<meta name=\"description\" content=\"Zuinig omgaan met metaal, milieu en mens is belangrijk. Daarom zorgt Vecom voor correcte &amp; veilige verwerking van anorganische afvalwaterstromen, van ons \u00e9n klanten.\" \/>\n<meta name=\"robots\" content=\"index, follow, max-snippet:-1, max-image-preview:large, max-video-preview:-1\" \/>\n<link rel=\"canonical\" href=\"https:\/\/www.vecom-group.com\/nl-nl\/verwerken-van-anorganische-afvalwaterstromen\/\" \/>\n<meta property=\"og:locale\" content=\"nl_NL\" \/>\n<meta property=\"og:type\" content=\"article\" \/>\n<meta property=\"og:title\" content=\"Afvalwaterverwerking | Vecom Group\" \/>\n<meta property=\"og:description\" content=\"Zuinig omgaan met metaal, milieu en mens is belangrijk. Daarom zorgt Vecom voor correcte &amp; veilige verwerking van anorganische afvalwaterstromen, van ons \u00e9n klanten.\" \/>\n<meta property=\"og:url\" content=\"https:\/\/www.vecom-group.com\/nl-nl\/verwerken-van-anorganische-afvalwaterstromen\/\" \/>\n<meta property=\"og:site_name\" content=\"Vecom Group (NL)\" \/>\n<meta property=\"article:modified_time\" content=\"2021-09-06T14:16:00+00:00\" \/>\n<meta property=\"og:image\" content=\"https:\/\/www.vecom-group.com\/nl-nl\/wp-content\/uploads\/sites\/2\/2018\/11\/afvalwater-verwerking-uitsnede-e1542367444912.jpg\" \/>\n\t<meta property=\"og:image:width\" content=\"2579\" \/>\n\t<meta property=\"og:image:height\" content=\"1257\" \/>\n\t<meta property=\"og:image:type\" content=\"image\/jpeg\" \/>\n<meta name=\"twitter:card\" content=\"summary_large_image\" \/>\n<meta name=\"twitter:label1\" content=\"Geschatte leestijd\" \/>\n\t<meta name=\"twitter:data1\" content=\"2 minuten\" \/>\n<script type=\"application\/ld+json\" class=\"yoast-schema-graph\">{\"@context\":\"https:\\\/\\\/schema.org\",\"@graph\":[{\"@type\":\"WebPage\",\"@id\":\"https:\\\/\\\/www.vecom-group.com\\\/nl-nl\\\/verwerken-van-anorganische-afvalwaterstromen\\\/\",\"url\":\"https:\\\/\\\/www.vecom-group.com\\\/nl-nl\\\/verwerken-van-anorganische-afvalwaterstromen\\\/\",\"name\":\"Afvalwaterverwerking | Vecom Group\",\"isPartOf\":{\"@id\":\"https:\\\/\\\/www.vecom-group.com\\\/nl-nl\\\/#website\"},\"primaryImageOfPage\":{\"@id\":\"https:\\\/\\\/www.vecom-group.com\\\/nl-nl\\\/verwerken-van-anorganische-afvalwaterstromen\\\/#primaryimage\"},\"image\":{\"@id\":\"https:\\\/\\\/www.vecom-group.com\\\/nl-nl\\\/verwerken-van-anorganische-afvalwaterstromen\\\/#primaryimage\"},\"thumbnailUrl\":\"https:\\\/\\\/www.vecom-group.com\\\/nl-nl\\\/wp-content\\\/uploads\\\/sites\\\/2\\\/2018\\\/11\\\/afvalwater-verwerking-uitsnede-e1542367444912.jpg\",\"datePublished\":\"2018-11-08T15:44:30+00:00\",\"dateModified\":\"2021-09-06T14:16:00+00:00\",\"description\":\"Zuinig omgaan met metaal, milieu en mens is belangrijk. Daarom zorgt Vecom voor correcte & veilige verwerking van anorganische afvalwaterstromen, van ons \u00e9n klanten.\",\"breadcrumb\":{\"@id\":\"https:\\\/\\\/www.vecom-group.com\\\/nl-nl\\\/verwerken-van-anorganische-afvalwaterstromen\\\/#breadcrumb\"},\"inLanguage\":\"nl-NL\",\"potentialAction\":[{\"@type\":\"ReadAction\",\"target\":[\"https:\\\/\\\/www.vecom-group.com\\\/nl-nl\\\/verwerken-van-anorganische-afvalwaterstromen\\\/\"]}]},{\"@type\":\"ImageObject\",\"inLanguage\":\"nl-NL\",\"@id\":\"https:\\\/\\\/www.vecom-group.com\\\/nl-nl\\\/verwerken-van-anorganische-afvalwaterstromen\\\/#primaryimage\",\"url\":\"https:\\\/\\\/www.vecom-group.com\\\/nl-nl\\\/wp-content\\\/uploads\\\/sites\\\/2\\\/2018\\\/11\\\/afvalwater-verwerking-uitsnede-e1542367444912.jpg\",\"contentUrl\":\"https:\\\/\\\/www.vecom-group.com\\\/nl-nl\\\/wp-content\\\/uploads\\\/sites\\\/2\\\/2018\\\/11\\\/afvalwater-verwerking-uitsnede-e1542367444912.jpg\",\"width\":2579,\"height\":1257},{\"@type\":\"BreadcrumbList\",\"@id\":\"https:\\\/\\\/www.vecom-group.com\\\/nl-nl\\\/verwerken-van-anorganische-afvalwaterstromen\\\/#breadcrumb\",\"itemListElement\":[{\"@type\":\"ListItem\",\"position\":1,\"name\":\"Home\",\"item\":\"https:\\\/\\\/www.vecom-group.com\\\/nl-nl\\\/\"},{\"@type\":\"ListItem\",\"position\":2,\"name\":\"Afvalwaterverwerking\"}]},{\"@type\":\"WebSite\",\"@id\":\"https:\\\/\\\/www.vecom-group.com\\\/nl-nl\\\/#website\",\"url\":\"https:\\\/\\\/www.vecom-group.com\\\/nl-nl\\\/\",\"name\":\"Vecom Group (NL)\",\"description\":\"Al meer dan 70 jaar toonaangevend in de branche\",\"potentialAction\":[{\"@type\":\"SearchAction\",\"target\":{\"@type\":\"EntryPoint\",\"urlTemplate\":\"https:\\\/\\\/www.vecom-group.com\\\/nl-nl\\\/?s={search_term_string}\"},\"query-input\":{\"@type\":\"PropertyValueSpecification\",\"valueRequired\":true,\"valueName\":\"search_term_string\"}}],\"inLanguage\":\"nl-NL\"}]}<\/script>\n<!-- \/ Yoast SEO plugin. -->","yoast_head_json":{"title":"Afvalwaterverwerking | Vecom Group","description":"Zuinig omgaan met metaal, milieu en mens is belangrijk. Daarom zorgt Vecom voor correcte & veilige verwerking van anorganische afvalwaterstromen, van ons \u00e9n klanten.","robots":{"index":"index","follow":"follow","max-snippet":"max-snippet:-1","max-image-preview":"max-image-preview:large","max-video-preview":"max-video-preview:-1"},"canonical":"https:\/\/www.vecom-group.com\/nl-nl\/verwerken-van-anorganische-afvalwaterstromen\/","og_locale":"nl_NL","og_type":"article","og_title":"Afvalwaterverwerking | Vecom Group","og_description":"Zuinig omgaan met metaal, milieu en mens is belangrijk. Daarom zorgt Vecom voor correcte & veilige verwerking van anorganische afvalwaterstromen, van ons \u00e9n klanten.","og_url":"https:\/\/www.vecom-group.com\/nl-nl\/verwerken-van-anorganische-afvalwaterstromen\/","og_site_name":"Vecom Group (NL)","article_modified_time":"2021-09-06T14:16:00+00:00","og_image":[{"width":2579,"height":1257,"url":"https:\/\/www.vecom-group.com\/nl-nl\/wp-content\/uploads\/sites\/2\/2018\/11\/afvalwater-verwerking-uitsnede-e1542367444912.jpg","type":"image\/jpeg"}],"twitter_card":"summary_large_image","twitter_misc":{"Geschatte leestijd":"2 minuten"},"schema":{"@context":"https:\/\/schema.org","@graph":[{"@type":"WebPage","@id":"https:\/\/www.vecom-group.com\/nl-nl\/verwerken-van-anorganische-afvalwaterstromen\/","url":"https:\/\/www.vecom-group.com\/nl-nl\/verwerken-van-anorganische-afvalwaterstromen\/","name":"Afvalwaterverwerking | Vecom Group","isPartOf":{"@id":"https:\/\/www.vecom-group.com\/nl-nl\/#website"},"primaryImageOfPage":{"@id":"https:\/\/www.vecom-group.com\/nl-nl\/verwerken-van-anorganische-afvalwaterstromen\/#primaryimage"},"image":{"@id":"https:\/\/www.vecom-group.com\/nl-nl\/verwerken-van-anorganische-afvalwaterstromen\/#primaryimage"},"thumbnailUrl":"https:\/\/www.vecom-group.com\/nl-nl\/wp-content\/uploads\/sites\/2\/2018\/11\/afvalwater-verwerking-uitsnede-e1542367444912.jpg","datePublished":"2018-11-08T15:44:30+00:00","dateModified":"2021-09-06T14:16:00+00:00","description":"Zuinig omgaan met metaal, milieu en mens is belangrijk. Daarom zorgt Vecom voor correcte & veilige verwerking van anorganische afvalwaterstromen, van ons \u00e9n klanten.","breadcrumb":{"@id":"https:\/\/www.vecom-group.com\/nl-nl\/verwerken-van-anorganische-afvalwaterstromen\/#breadcrumb"},"inLanguage":"nl-NL","potentialAction":[{"@type":"ReadAction","target":["https:\/\/www.vecom-group.com\/nl-nl\/verwerken-van-anorganische-afvalwaterstromen\/"]}]},{"@type":"ImageObject","inLanguage":"nl-NL","@id":"https:\/\/www.vecom-group.com\/nl-nl\/verwerken-van-anorganische-afvalwaterstromen\/#primaryimage","url":"https:\/\/www.vecom-group.com\/nl-nl\/wp-content\/uploads\/sites\/2\/2018\/11\/afvalwater-verwerking-uitsnede-e1542367444912.jpg","contentUrl":"https:\/\/www.vecom-group.com\/nl-nl\/wp-content\/uploads\/sites\/2\/2018\/11\/afvalwater-verwerking-uitsnede-e1542367444912.jpg","width":2579,"height":1257},{"@type":"BreadcrumbList","@id":"https:\/\/www.vecom-group.com\/nl-nl\/verwerken-van-anorganische-afvalwaterstromen\/#breadcrumb","itemListElement":[{"@type":"ListItem","position":1,"name":"Home","item":"https:\/\/www.vecom-group.com\/nl-nl\/"},{"@type":"ListItem","position":2,"name":"Afvalwaterverwerking"}]},{"@type":"WebSite","@id":"https:\/\/www.vecom-group.com\/nl-nl\/#website","url":"https:\/\/www.vecom-group.com\/nl-nl\/","name":"Vecom Group (NL)","description":"Al meer dan 70 jaar toonaangevend in de branche","potentialAction":[{"@type":"SearchAction","target":{"@type":"EntryPoint","urlTemplate":"https:\/\/www.vecom-group.com\/nl-nl\/?s={search_term_string}"},"query-input":{"@type":"PropertyValueSpecification","valueRequired":true,"valueName":"search_term_string"}}],"inLanguage":"nl-NL"}]}},"_links":{"self":[{"href":"https:\/\/www.vecom-group.com\/nl-nl\/wp-json\/wp\/v2\/pages\/160","targetHints":{"allow":["GET"]}}],"collection":[{"href":"https:\/\/www.vecom-group.com\/nl-nl\/wp-json\/wp\/v2\/pages"}],"about":[{"href":"https:\/\/www.vecom-group.com\/nl-nl\/wp-json\/wp\/v2\/types\/page"}],"author":[{"embeddable":true,"href":"https:\/\/www.vecom-group.com\/nl-nl\/wp-json\/wp\/v2\/users\/2"}],"replies":[{"embeddable":true,"href":"https:\/\/www.vecom-group.com\/nl-nl\/wp-json\/wp\/v2\/comments?post=160"}],"version-history":[{"count":45,"href":"https:\/\/www.vecom-group.com\/nl-nl\/wp-json\/wp\/v2\/pages\/160\/revisions"}],"predecessor-version":[{"id":4911,"href":"https:\/\/www.vecom-group.com\/nl-nl\/wp-json\/wp\/v2\/pages\/160\/revisions\/4911"}],"wp:featuredmedia":[{"embeddable":true,"href":"https:\/\/www.vecom-group.com\/nl-nl\/wp-json\/wp\/v2\/media\/641"}],"wp:attachment":[{"href":"https:\/\/www.vecom-group.com\/nl-nl\/wp-json\/wp\/v2\/media?parent=160"}],"curies":[{"name":"wp","href":"https:\/\/api.w.org\/{rel}","templated":true}]}}