{"id":1077,"date":"2018-12-11T16:14:07","date_gmt":"2018-12-11T15:14:07","guid":{"rendered":"https:\/\/www.vecom-group.com\/nl-nl\/?page_id=1077"},"modified":"2024-10-07T09:36:52","modified_gmt":"2024-10-07T07:36:52","slug":"werken-bij","status":"publish","type":"page","link":"https:\/\/www.vecom-group.com\/nl-nl\/werken-bij\/","title":{"rendered":"Werken bij"},"content":{"rendered":"<div id=\"pl-1077\"  class=\"panel-layout\" ><div id=\"pg-1077-0\"  class=\"panel-grid panel-no-style\" ><div id=\"pgc-1077-0-0\"  class=\"panel-grid-cell\" ><div id=\"panel-1077-0-0-0\" class=\"so-panel widget widget_sow-editor panel-first-child panel-last-child\" data-index=\"0\" ><div\n\t\t\t\n\t\t\tclass=\"so-widget-sow-editor so-widget-sow-editor-base\"\n\t\t\t\n\t\t>\n<div class=\"siteorigin-widget-tinymce textwidget\">\n\t<p style=\"text-align: center;\"><a href=\"http:\/\/www.vecom-group.com\/nl-nl\/werken-bij\/#vacatures\">Ga meteen naar de vacatures<\/a><\/p>\n<h2>Werken bij de Vecom groep<\/h2>\n<p>We zijn een familiebedrijf waar we makkelijk en informeel met elkaar omgaan. Het is leuk om bij ons te werken en zeker nooit saai!<\/p>\n<p>Onze klanten hebben al meer dan 70 jaar een blind vertrouwen in ons en wij hebben dat in onze medewerkers. Iedere dag weer streven wij ernaar om de beste dienstverlener te zijn in metaaloppervlaktebehandeling. Daarom staat kwaliteit voor ons bovenaan, evenals veiligheid, milieu en vakmanschap.<\/p>\n<\/div>\n<\/div><\/div><\/div><\/div><div id=\"pg-1077-1\"  class=\"panel-grid panel-no-style\" ><div id=\"pgc-1077-1-0\"  class=\"panel-grid-cell\" ><div id=\"panel-1077-1-0-0\" class=\"so-panel widget widget_media_video panel-first-child panel-last-child\" data-index=\"1\" ><div style=\"width:100%;\" class=\"wp-video\"><video class=\"wp-video-shortcode\" id=\"video-1077-1\" preload=\"metadata\" controls=\"controls\"><source type=\"video\/youtube\" src=\"https:\/\/youtu.be\/j3MO7U9Ez4Q?_=1\" \/><a href=\"https:\/\/youtu.be\/j3MO7U9Ez4Q\">https:\/\/youtu.be\/j3MO7U9Ez4Q<\/a><\/video><\/div><\/div><\/div><\/div><div id=\"pg-1077-2\"  class=\"panel-grid panel-no-style\" ><div id=\"pgc-1077-2-0\"  class=\"panel-grid-cell\" ><div id=\"panel-1077-2-0-0\" class=\"so-panel widget widget_sow-editor panel-first-child panel-last-child\" data-index=\"2\" ><div\n\t\t\t\n\t\t\tclass=\"so-widget-sow-editor so-widget-sow-editor-base\"\n\t\t\t\n\t\t>\n<div class=\"siteorigin-widget-tinymce textwidget\">\n\t<p>Vecom valt onder de cao metaalbewerkingsbedrijven. Daarnaast krijg je als je bij ons werkt 200 vrije uren als je fulltime werkt, betalen we een salaris dat hoger is dan de cao en hebben we een prima overwerkregeling en een mooie bonusregeling.<\/p>\n<p>Vecom groeit. We zijn koploper en trendsetter en daar zijn we best wel trots op. Maar dat betekent ook steeds meer klanten, meer projecten en dus meer werk. Daarom zijn we regelmatig op zoek naar nieuwe collega\u2019s.<\/p>\n<p>Wil je meer weten over werken bij Vecom of wil je in gesprek over wat er binnen Vecom mogelijk is?\u00a0Stuur dan een bericht naar hr@vecom.nl<\/p>\n<p>Ben je ge\u00efnteresseerd om bij Vecom te werken, klik dan op de button hieronder voor een open sollicitatie, of klik op \u00e9\u00e9n van de vacatures hieronder.<\/p>\n<\/div>\n<\/div><\/div><\/div><\/div><div id=\"pg-1077-3\"  class=\"panel-grid panel-no-style\" ><div id=\"pgc-1077-3-0\"  class=\"panel-grid-cell\" ><div id=\"panel-1077-3-0-0\" class=\"so-panel widget widget_sow-editor panel-first-child panel-last-child\" data-index=\"3\" ><div\n\t\t\t\n\t\t\tclass=\"so-widget-sow-editor so-widget-sow-editor-base\"\n\t\t\t\n\t\t>\n<div class=\"siteorigin-widget-tinymce textwidget\">\n\t<div class=\"text-center\"><a target=\"_blank\" class=\"btn btn-primary btn--theme0\" href=\" https:\/\/www.vecom-group.com\/nl-nl\/werken-bij\/solliciteer-direct\/?vacature=Open%20sollicitatie\">Solliciteer direct!<\/a><\/div>\n<\/div>\n<\/div><\/div><\/div><\/div><\/div>","protected":false},"excerpt":{"rendered":"<p>Ga meteen naar de vacatures Werken bij de Vecom groep We zijn een familiebedrijf waar we makkelijk en informeel met elkaar omgaan. Het is leuk om bij ons te werken en zeker nooit saai! Onze klanten hebben al meer dan 70 jaar een blind vertrouwen in ons en wij hebben dat in onze medewerkers. Iedere [&hellip;]<\/p>\n","protected":false},"author":2,"featured_media":2882,"parent":0,"menu_order":0,"comment_status":"closed","ping_status":"closed","template":"templates\/vacature-page.php","meta":{"_acf_changed":false,"footnotes":""},"class_list":["post-1077","page","type-page","status-publish","has-post-thumbnail","hentry"],"acf":[],"yoast_head":"<!-- This site is optimized with the Yoast SEO plugin v27.4 - https:\/\/yoast.com\/product\/yoast-seo-wordpress\/ -->\n<title>Werken bij - Vecom Group<\/title>\n<meta name=\"description\" content=\"Werken bij Vecom! Werken bij Vecom is dynamisch en uitdagend en nooit saai. Onze werknemers werken al jaren bij ons en spreken over een familie gevoel.\" \/>\n<meta name=\"robots\" content=\"index, follow, max-snippet:-1, max-image-preview:large, max-video-preview:-1\" \/>\n<link rel=\"canonical\" href=\"https:\/\/www.vecom-group.com\/nl-nl\/werken-bij\/\" \/>\n<meta property=\"og:locale\" content=\"nl_NL\" \/>\n<meta property=\"og:type\" content=\"article\" \/>\n<meta property=\"og:title\" content=\"Werken bij - Vecom Group\" \/>\n<meta property=\"og:description\" content=\"Werken bij Vecom! Werken bij Vecom is dynamisch en uitdagend en nooit saai. Onze werknemers werken al jaren bij ons en spreken over een familie gevoel.\" \/>\n<meta property=\"og:url\" content=\"https:\/\/www.vecom-group.com\/nl-nl\/werken-bij\/\" \/>\n<meta property=\"og:site_name\" content=\"Vecom Group (NL)\" \/>\n<meta property=\"article:modified_time\" content=\"2024-10-07T07:36:52+00:00\" \/>\n<meta property=\"og:image\" content=\"https:\/\/www.vecom-group.com\/nl-nl\/wp-content\/uploads\/sites\/2\/2019\/05\/On-site-cleaning-Vecom-uitsnede.jpg\" \/>\n\t<meta property=\"og:image:width\" content=\"1573\" \/>\n\t<meta property=\"og:image:height\" content=\"849\" \/>\n\t<meta property=\"og:image:type\" content=\"image\/jpeg\" \/>\n<meta name=\"twitter:card\" content=\"summary_large_image\" \/>\n<meta name=\"twitter:label1\" content=\"Geschatte leestijd\" \/>\n\t<meta name=\"twitter:data1\" content=\"2 minuten\" \/>\n<script type=\"application\/ld+json\" class=\"yoast-schema-graph\">{\"@context\":\"https:\\\/\\\/schema.org\",\"@graph\":[{\"@type\":\"WebPage\",\"@id\":\"https:\\\/\\\/www.vecom-group.com\\\/nl-nl\\\/werken-bij\\\/\",\"url\":\"https:\\\/\\\/www.vecom-group.com\\\/nl-nl\\\/werken-bij\\\/\",\"name\":\"Werken bij - Vecom Group\",\"isPartOf\":{\"@id\":\"https:\\\/\\\/www.vecom-group.com\\\/nl-nl\\\/#website\"},\"primaryImageOfPage\":{\"@id\":\"https:\\\/\\\/www.vecom-group.com\\\/nl-nl\\\/werken-bij\\\/#primaryimage\"},\"image\":{\"@id\":\"https:\\\/\\\/www.vecom-group.com\\\/nl-nl\\\/werken-bij\\\/#primaryimage\"},\"thumbnailUrl\":\"https:\\\/\\\/www.vecom-group.com\\\/nl-nl\\\/wp-content\\\/uploads\\\/sites\\\/2\\\/2019\\\/05\\\/On-site-cleaning-Vecom-uitsnede.jpg\",\"datePublished\":\"2018-12-11T15:14:07+00:00\",\"dateModified\":\"2024-10-07T07:36:52+00:00\",\"description\":\"Werken bij Vecom! Werken bij Vecom is dynamisch en uitdagend en nooit saai. Onze werknemers werken al jaren bij ons en spreken over een familie gevoel.\",\"breadcrumb\":{\"@id\":\"https:\\\/\\\/www.vecom-group.com\\\/nl-nl\\\/werken-bij\\\/#breadcrumb\"},\"inLanguage\":\"nl-NL\",\"potentialAction\":[{\"@type\":\"ReadAction\",\"target\":[\"https:\\\/\\\/www.vecom-group.com\\\/nl-nl\\\/werken-bij\\\/\"]}]},{\"@type\":\"ImageObject\",\"inLanguage\":\"nl-NL\",\"@id\":\"https:\\\/\\\/www.vecom-group.com\\\/nl-nl\\\/werken-bij\\\/#primaryimage\",\"url\":\"https:\\\/\\\/www.vecom-group.com\\\/nl-nl\\\/wp-content\\\/uploads\\\/sites\\\/2\\\/2019\\\/05\\\/On-site-cleaning-Vecom-uitsnede.jpg\",\"contentUrl\":\"https:\\\/\\\/www.vecom-group.com\\\/nl-nl\\\/wp-content\\\/uploads\\\/sites\\\/2\\\/2019\\\/05\\\/On-site-cleaning-Vecom-uitsnede.jpg\",\"width\":1573,\"height\":849},{\"@type\":\"BreadcrumbList\",\"@id\":\"https:\\\/\\\/www.vecom-group.com\\\/nl-nl\\\/werken-bij\\\/#breadcrumb\",\"itemListElement\":[{\"@type\":\"ListItem\",\"position\":1,\"name\":\"Home\",\"item\":\"https:\\\/\\\/www.vecom-group.com\\\/nl-nl\\\/\"},{\"@type\":\"ListItem\",\"position\":2,\"name\":\"Werken bij\"}]},{\"@type\":\"WebSite\",\"@id\":\"https:\\\/\\\/www.vecom-group.com\\\/nl-nl\\\/#website\",\"url\":\"https:\\\/\\\/www.vecom-group.com\\\/nl-nl\\\/\",\"name\":\"Vecom Group (NL)\",\"description\":\"Al meer dan 70 jaar toonaangevend in de branche\",\"potentialAction\":[{\"@type\":\"SearchAction\",\"target\":{\"@type\":\"EntryPoint\",\"urlTemplate\":\"https:\\\/\\\/www.vecom-group.com\\\/nl-nl\\\/?s={search_term_string}\"},\"query-input\":{\"@type\":\"PropertyValueSpecification\",\"valueRequired\":true,\"valueName\":\"search_term_string\"}}],\"inLanguage\":\"nl-NL\"}]}<\/script>\n<!-- \/ Yoast SEO plugin. -->","yoast_head_json":{"title":"Werken bij - Vecom Group","description":"Werken bij Vecom! Werken bij Vecom is dynamisch en uitdagend en nooit saai. Onze werknemers werken al jaren bij ons en spreken over een familie gevoel.","robots":{"index":"index","follow":"follow","max-snippet":"max-snippet:-1","max-image-preview":"max-image-preview:large","max-video-preview":"max-video-preview:-1"},"canonical":"https:\/\/www.vecom-group.com\/nl-nl\/werken-bij\/","og_locale":"nl_NL","og_type":"article","og_title":"Werken bij - Vecom Group","og_description":"Werken bij Vecom! Werken bij Vecom is dynamisch en uitdagend en nooit saai. Onze werknemers werken al jaren bij ons en spreken over een familie gevoel.","og_url":"https:\/\/www.vecom-group.com\/nl-nl\/werken-bij\/","og_site_name":"Vecom Group (NL)","article_modified_time":"2024-10-07T07:36:52+00:00","og_image":[{"width":1573,"height":849,"url":"https:\/\/www.vecom-group.com\/nl-nl\/wp-content\/uploads\/sites\/2\/2019\/05\/On-site-cleaning-Vecom-uitsnede.jpg","type":"image\/jpeg"}],"twitter_card":"summary_large_image","twitter_misc":{"Geschatte leestijd":"2 minuten"},"schema":{"@context":"https:\/\/schema.org","@graph":[{"@type":"WebPage","@id":"https:\/\/www.vecom-group.com\/nl-nl\/werken-bij\/","url":"https:\/\/www.vecom-group.com\/nl-nl\/werken-bij\/","name":"Werken bij - Vecom Group","isPartOf":{"@id":"https:\/\/www.vecom-group.com\/nl-nl\/#website"},"primaryImageOfPage":{"@id":"https:\/\/www.vecom-group.com\/nl-nl\/werken-bij\/#primaryimage"},"image":{"@id":"https:\/\/www.vecom-group.com\/nl-nl\/werken-bij\/#primaryimage"},"thumbnailUrl":"https:\/\/www.vecom-group.com\/nl-nl\/wp-content\/uploads\/sites\/2\/2019\/05\/On-site-cleaning-Vecom-uitsnede.jpg","datePublished":"2018-12-11T15:14:07+00:00","dateModified":"2024-10-07T07:36:52+00:00","description":"Werken bij Vecom! Werken bij Vecom is dynamisch en uitdagend en nooit saai. Onze werknemers werken al jaren bij ons en spreken over een familie gevoel.","breadcrumb":{"@id":"https:\/\/www.vecom-group.com\/nl-nl\/werken-bij\/#breadcrumb"},"inLanguage":"nl-NL","potentialAction":[{"@type":"ReadAction","target":["https:\/\/www.vecom-group.com\/nl-nl\/werken-bij\/"]}]},{"@type":"ImageObject","inLanguage":"nl-NL","@id":"https:\/\/www.vecom-group.com\/nl-nl\/werken-bij\/#primaryimage","url":"https:\/\/www.vecom-group.com\/nl-nl\/wp-content\/uploads\/sites\/2\/2019\/05\/On-site-cleaning-Vecom-uitsnede.jpg","contentUrl":"https:\/\/www.vecom-group.com\/nl-nl\/wp-content\/uploads\/sites\/2\/2019\/05\/On-site-cleaning-Vecom-uitsnede.jpg","width":1573,"height":849},{"@type":"BreadcrumbList","@id":"https:\/\/www.vecom-group.com\/nl-nl\/werken-bij\/#breadcrumb","itemListElement":[{"@type":"ListItem","position":1,"name":"Home","item":"https:\/\/www.vecom-group.com\/nl-nl\/"},{"@type":"ListItem","position":2,"name":"Werken bij"}]},{"@type":"WebSite","@id":"https:\/\/www.vecom-group.com\/nl-nl\/#website","url":"https:\/\/www.vecom-group.com\/nl-nl\/","name":"Vecom Group (NL)","description":"Al meer dan 70 jaar toonaangevend in de branche","potentialAction":[{"@type":"SearchAction","target":{"@type":"EntryPoint","urlTemplate":"https:\/\/www.vecom-group.com\/nl-nl\/?s={search_term_string}"},"query-input":{"@type":"PropertyValueSpecification","valueRequired":true,"valueName":"search_term_string"}}],"inLanguage":"nl-NL"}]}},"_links":{"self":[{"href":"https:\/\/www.vecom-group.com\/nl-nl\/wp-json\/wp\/v2\/pages\/1077","targetHints":{"allow":["GET"]}}],"collection":[{"href":"https:\/\/www.vecom-group.com\/nl-nl\/wp-json\/wp\/v2\/pages"}],"about":[{"href":"https:\/\/www.vecom-group.com\/nl-nl\/wp-json\/wp\/v2\/types\/page"}],"author":[{"embeddable":true,"href":"https:\/\/www.vecom-group.com\/nl-nl\/wp-json\/wp\/v2\/users\/2"}],"replies":[{"embeddable":true,"href":"https:\/\/www.vecom-group.com\/nl-nl\/wp-json\/wp\/v2\/comments?post=1077"}],"version-history":[{"count":105,"href":"https:\/\/www.vecom-group.com\/nl-nl\/wp-json\/wp\/v2\/pages\/1077\/revisions"}],"predecessor-version":[{"id":6478,"href":"https:\/\/www.vecom-group.com\/nl-nl\/wp-json\/wp\/v2\/pages\/1077\/revisions\/6478"}],"wp:featuredmedia":[{"embeddable":true,"href":"https:\/\/www.vecom-group.com\/nl-nl\/wp-json\/wp\/v2\/media\/2882"}],"wp:attachment":[{"href":"https:\/\/www.vecom-group.com\/nl-nl\/wp-json\/wp\/v2\/media?parent=1077"}],"curies":[{"name":"wp","href":"https:\/\/api.w.org\/{rel}","templated":true}]}}